{"id":17,"date":"2016-02-24T23:47:37","date_gmt":"2016-02-24T21:47:37","guid":{"rendered":"http:\/\/globalindustriwelding.com\/?page_id=17"},"modified":"2022-12-12T21:03:50","modified_gmt":"2022-12-12T19:03:50","slug":"o-nas","status":"publish","type":"page","link":"https:\/\/globalindustriwelding.com\/index.php\/o-nas\/","title":{"rendered":"O N\u00c1S"},"content":{"rendered":"<p><img decoding=\"async\" loading=\"lazy\" class=\"wp-image-609 alignleft\" src=\"https:\/\/globalindustriwelding.com\/wp-content\/uploads\/2022\/12\/cropped-GIW-1-300x300.png\" alt=\"\" width=\"139\" height=\"139\" srcset=\"https:\/\/globalindustriwelding.com\/wp-content\/uploads\/2022\/12\/cropped-GIW-1-300x300.png 300w, https:\/\/globalindustriwelding.com\/wp-content\/uploads\/2022\/12\/cropped-GIW-1-150x150.png 150w, https:\/\/globalindustriwelding.com\/wp-content\/uploads\/2022\/12\/cropped-GIW-1-270x270.png 270w, https:\/\/globalindustriwelding.com\/wp-content\/uploads\/2022\/12\/cropped-GIW-1-192x192.png 192w, https:\/\/globalindustriwelding.com\/wp-content\/uploads\/2022\/12\/cropped-GIW-1-180x180.png 180w, https:\/\/globalindustriwelding.com\/wp-content\/uploads\/2022\/12\/cropped-GIW-1-32x32.png 32w, https:\/\/globalindustriwelding.com\/wp-content\/uploads\/2022\/12\/cropped-GIW-1.png 512w\" sizes=\"(max-width: 139px) 100vw, 139px\" \/>Spolo\u010dnos\u0165 GlobalNetmedia s.r.o. bola zalo\u017een\u00e1&nbsp;v roku 2010 ako obchodn\u00e1 firma. V&nbsp;roku 2014 sa na\u0161e portf\u00f3lio podnikate\u013esk\u00fdch aktiv\u00edt roz\u0161\u00edrilo o oblas\u0165 realiz\u00e1cie mont\u00e1\u017e\u00ed, zv\u00e1ra\u010dsk\u00fdch a potrub\u00e1rskych pr\u00e1c v r\u00e1mci celej Eur\u00f3py a to v oblastiach farmaceutiky, potravin\u00e1rstva, chemick\u00e9ho priemyslu a pivovarov.&nbsp;<\/p>\n<p>D\u0148a 5.2.2019 sa zmenilo obchodn\u00e9 meno spolo\u010dnosti z GlobalNetMedia s,r,o na Globalindustriwelding s.r.o a to z d\u00f4vodu kore\u0161podencie s \u010fal\u0161\u00edmi krokmi a \u010dinnos\u0165ou spolo\u010dnosti.<\/p>\n<p>Spolo\u010dnos\u0165 pon\u00faka svojim z\u00e1kazn\u00edkom kvalitn\u00e9 slu\u017eby podporovan\u00e9 flexibilitou a sk\u00fasenos\u0165ami z\u00edskan\u00fdmi dlhoro\u010dnou praxou &nbsp;v danom odbore. Firma m\u00e1 k dispoz\u00edci\u00ed sk\u00fasen\u00fd t\u00edm zv\u00e1ra\u010dov so \u0161t\u00e1tnymi zv\u00e1ra\u010dsk\u00fdmi sk\u00fa\u0161kami, certifik\u00e1tmi, kvalifikovan\u00fdch potrub\u00e1rov a z\u00e1mo\u010dn\u00edkov so znalos\u0165ami sch\u00e9m, izometri\u00ed a pl\u00e1nov.<\/p>\n<p>&nbsp;<\/p>\n<p>&nbsp; &nbsp; &nbsp; &nbsp; &nbsp; &nbsp; &nbsp; &nbsp; &nbsp; &nbsp; &nbsp; &nbsp; &nbsp; &nbsp; &nbsp; &nbsp; &nbsp; &nbsp; &nbsp; &nbsp; &nbsp; &nbsp; &nbsp; &nbsp; &nbsp; &nbsp; &nbsp; &nbsp; &nbsp; &nbsp; &nbsp; &nbsp; &nbsp; &nbsp; &nbsp; &nbsp; &nbsp; &nbsp; &nbsp; &nbsp; &nbsp; <img decoding=\"async\" loading=\"lazy\" class=\"alignnone wp-image-601\" src=\"https:\/\/globalindustriwelding.com\/wp-content\/uploads\/2022\/03\/GIW-Management-Zertifikat.-300x289.jpg\" alt=\"\" width=\"119\" height=\"115\" srcset=\"https:\/\/globalindustriwelding.com\/wp-content\/uploads\/2022\/03\/GIW-Management-Zertifikat.-300x289.jpg 300w, https:\/\/globalindustriwelding.com\/wp-content\/uploads\/2022\/03\/GIW-Management-Zertifikat..jpg 509w\" sizes=\"(max-width: 119px) 100vw, 119px\" \/><\/p>\n","protected":false},"excerpt":{"rendered":"<p>Spolo\u010dnos\u0165 GlobalNetmedia s.r.o. bola zalo\u017een\u00e1&nbsp;v roku 2010 ako obchodn\u00e1 firma. V&nbsp;roku 2014 sa na\u0161e portf\u00f3lio podnikate\u013esk\u00fdch aktiv\u00edt roz\u0161\u00edrilo o oblas\u0165 realiz\u00e1cie mont\u00e1\u017e\u00ed, zv\u00e1ra\u010dsk\u00fdch a potrub\u00e1rskych pr\u00e1c v r\u00e1mci celej Eur\u00f3py a to v oblastiach farmaceutiky, potravin\u00e1rstva, chemick\u00e9ho priemyslu a pivovarov.&nbsp; D\u0148a 5.2.2019 sa zmenilo obchodn\u00e9 meno spolo\u010dnosti z GlobalNetMedia s,r,o na Globalindustriwelding s.r.o a to [&hellip;]<\/p>\n","protected":false},"author":1026,"featured_media":0,"parent":0,"menu_order":0,"comment_status":"closed","ping_status":"closed","template":"","meta":{"ngg_post_thumbnail":0},"_links":{"self":[{"href":"https:\/\/globalindustriwelding.com\/index.php\/wp-json\/wp\/v2\/pages\/17"}],"collection":[{"href":"https:\/\/globalindustriwelding.com\/index.php\/wp-json\/wp\/v2\/pages"}],"about":[{"href":"https:\/\/globalindustriwelding.com\/index.php\/wp-json\/wp\/v2\/types\/page"}],"author":[{"embeddable":true,"href":"https:\/\/globalindustriwelding.com\/index.php\/wp-json\/wp\/v2\/users\/1026"}],"replies":[{"embeddable":true,"href":"https:\/\/globalindustriwelding.com\/index.php\/wp-json\/wp\/v2\/comments?post=17"}],"version-history":[{"count":30,"href":"https:\/\/globalindustriwelding.com\/index.php\/wp-json\/wp\/v2\/pages\/17\/revisions"}],"predecessor-version":[{"id":615,"href":"https:\/\/globalindustriwelding.com\/index.php\/wp-json\/wp\/v2\/pages\/17\/revisions\/615"}],"wp:attachment":[{"href":"https:\/\/globalindustriwelding.com\/index.php\/wp-json\/wp\/v2\/media?parent=17"}],"curies":[{"name":"wp","href":"https:\/\/api.w.org\/{rel}","templated":true}]}}