{"id":25,"date":"2016-02-24T23:51:21","date_gmt":"2016-02-24T21:51:21","guid":{"rendered":"http:\/\/globalindustriwelding.com\/DE\/?page_id=25"},"modified":"2025-11-21T12:47:37","modified_gmt":"2025-11-21T10:47:37","slug":"kontakt","status":"publish","type":"page","link":"https:\/\/globalindustriwelding.com\/DE\/index.php\/kontakt\/","title":{"rendered":"KONTAKT"},"content":{"rendered":"<ul>\n<li><img loading=\"lazy\" class=\"wp-image-235 alignright\" src=\"https:\/\/globalindustriwelding.com\/DE\/wp-content\/uploads\/2019\/02\/GLOBAL_LOGO-300x201.png\" alt=\"\" width=\"182\" height=\"122\" srcset=\"https:\/\/globalindustriwelding.com\/DE\/wp-content\/uploads\/2019\/02\/GLOBAL_LOGO-300x201.png 300w, https:\/\/globalindustriwelding.com\/DE\/wp-content\/uploads\/2019\/02\/GLOBAL_LOGO-768x514.png 768w, https:\/\/globalindustriwelding.com\/DE\/wp-content\/uploads\/2019\/02\/GLOBAL_LOGO-1024x685.png 1024w\" sizes=\"(max-width: 182px) 100vw, 182px\" \/><strong>B\u00fcro<\/strong><\/li>\n<li><strong>GlobalindustriWelding Gmbh&nbsp;<\/strong><\/li>\n<li>Kvetov\u00e1 469\/26 Kamenec pod Vt\u00e1\u010dnikom<\/li>\n<li>Identifikation SK 45431949 &nbsp;&nbsp;<\/li>\n<li>DI\u010c: 2022983336&nbsp;<\/li>\n<li>Bank-Verbindung Sparkasse a.s&nbsp;<\/li>\n<li>&nbsp;IBAN SK 80 0900 0000 0051 6170 1564<\/li>\n<\/ul>\n<hr>\n<p><span style=\"color: #808080;\">Anschrift:<\/span><\/p>\n<p style=\"text-align: center;\"><iframe loading=\"lazy\" style=\"border: 0;\" src=\"https:\/\/www.google.com\/maps\/embed?pb=!1m18!1m12!1m3!1d2629.890439739952!2d18.625863316018453!3d48.76488851523931!2m3!1f0!2f0!3f0!3m2!1i1024!2i768!4f13.1!3m3!1m2!1s0x4714dcf55868c7c9%3A0x46b0739d114351d3!2sCesta+po%C4%BEnohospod%C3%A1rov+8%2C+971+01+Prievidza-Priemyseln%C3%BD+obvod!5e0!3m2!1sen!2ssk!4v1516280912843\" width=\"600\" height=\"450\" frameborder=\"0\" allowfullscreen=\"allowfullscreen\"><\/iframe><\/p>\n","protected":false},"excerpt":{"rendered":"<p>B\u00fcro GlobalindustriWelding Gmbh&nbsp; Kvetov\u00e1 469\/26 Kamenec pod Vt\u00e1\u010dnikom Identifikation SK 45431949 &nbsp;&nbsp; DI\u010c: 2022983336&nbsp; Bank-Verbindung Sparkasse a.s&nbsp; &nbsp;IBAN SK 80 0900 0000 0051 6170 1564 Anschrift:<\/p>\n","protected":false},"author":3,"featured_media":0,"parent":0,"menu_order":0,"comment_status":"closed","ping_status":"closed","template":"","meta":{"ngg_post_thumbnail":0},"_links":{"self":[{"href":"https:\/\/globalindustriwelding.com\/DE\/index.php\/wp-json\/wp\/v2\/pages\/25"}],"collection":[{"href":"https:\/\/globalindustriwelding.com\/DE\/index.php\/wp-json\/wp\/v2\/pages"}],"about":[{"href":"https:\/\/globalindustriwelding.com\/DE\/index.php\/wp-json\/wp\/v2\/types\/page"}],"author":[{"embeddable":true,"href":"https:\/\/globalindustriwelding.com\/DE\/index.php\/wp-json\/wp\/v2\/users\/3"}],"replies":[{"embeddable":true,"href":"https:\/\/globalindustriwelding.com\/DE\/index.php\/wp-json\/wp\/v2\/comments?post=25"}],"version-history":[{"count":125,"href":"https:\/\/globalindustriwelding.com\/DE\/index.php\/wp-json\/wp\/v2\/pages\/25\/revisions"}],"predecessor-version":[{"id":64,"href":"https:\/\/globalindustriwelding.com\/DE\/index.php\/wp-json\/wp\/v2\/pages\/25\/revisions\/64"}],"wp:attachment":[{"href":"https:\/\/globalindustriwelding.com\/DE\/index.php\/wp-json\/wp\/v2\/media?parent=25"}],"curies":[{"name":"wp","href":"https:\/\/api.w.org\/{rel}","templated":true}]}}